{"id":147,"date":"2018-06-17T14:45:57","date_gmt":"2018-06-17T12:45:57","guid":{"rendered":"https:\/\/buechereiboebing.wordpress.com\/?page_id=147"},"modified":"2025-06-05T18:48:44","modified_gmt":"2025-06-05T18:48:44","slug":"impressum","status":"publish","type":"page","link":"https:\/\/www.buecherei-boebing.de\/index.php\/impressum\/","title":{"rendered":"Impressum"},"content":{"rendered":"\n<p>Herausgeber<br>Gemeinde B\u00f6bing\/B\u00fccherei B\u00f6bing<br>Kirchstra\u00dfe 22<br>82389 B\u00f6bing<\/p>\n\n\n\n<p>Telefon +49 8867 91 00 \u2013 31<br>Telefax +49 8867 91 00 \u2013 16<br>E-Mail: <a rel=\"noopener noreferrer\" href=\"mailto:gemeinde@boebing.de\" target=\"_top\">buecherei@boebing.de<\/a><\/p>\n\n\n\n<p>UStIdNr.: DE 233 260 948<\/p>\n\n\n\n<p>Die Gemeinde B\u00f6bing ist eine K\u00f6rperschaft des \u00d6ffentlichen Rechts. Sie wird vertreten durch den Ersten B\u00fcrgermeister Peter Erhard. Rechtsaufsichtsbeh\u00f6rde ist das Landratsamt Weilheim-Schongau.<\/p>\n\n\n\n<p><strong>Verantwortlich f\u00fcr den Inhalt<\/strong><\/p>\n\n\n\n<p>Verantwortlich im Sinne der Redaktion: Sonja Gretschmann, Seeweg 1, 82389 B\u00f6bing. Namentlich gekennzeichnete Internetseiten geben die Auffassungen und Erkenntnisse der genannten Personen wieder.<\/p>\n\n\n\n<p><strong>Nutzungsbedingungen<\/strong><\/p>\n\n\n\n<p>Falls nicht anders angegeben, unterliegen alle Seiten des Web-Angebots der Gemeinde B\u00f6bing dem Urheberrecht (Copyright). Sie d\u00fcrfen von Ihnen nur zum privaten und sonstigen eigenen Gebrauch im Rahmen des \u00a7 53 Urheberrechtsgesetz (UrhG) verwendet werden. Eine Vervielf\u00e4ltigung oder Verwendung dieser Seiten oder Teilen davon in anderen elektronischen oder gedruckten Publikationen und deren Ver\u00f6ffentlichung ist nur mit unserer Einwilligung gestattet. Diese erteilen auf Anfrage die f\u00fcr den Inhalt Verantwortlichen. Weiterhin k\u00f6nnen Texte, Bilder, Grafiken und sonstige Dateien ganz oder teilweise dem Urheberrecht Dritter unterliegen. Auch \u00fcber das Bestehen m\u00f6glicher Rechte Dritter geben Ihnen die f\u00fcr den Inhalt Verantwortlichen n\u00e4here Ausk\u00fcnfte. Der Nachdruck und die Auswertung von Pressemitteilungen und Reden sind mit Quellenangabe allgemein gestattet.<\/p>\n\n\n\n<p><strong>Haftungsausschluss<\/strong><\/p>\n\n\n\n<p>Alle auf dieser Internetseite bereitgestellten Informationen haben wir nach bestem Wissen und Gewissen erarbeitet und gepr\u00fcft. Eine Gew\u00e4hr f\u00fcr die Aktualit\u00e4t, Richtigkeit, Vollst\u00e4ndigkeit und Verf\u00fcgbarkeit der bereit gestellten Informationen k\u00f6nnen wir allerdings nicht \u00fcbernehmen. Ein Vertragsverh\u00e4ltnis mit den Nutzern des Internetangebots kommt nicht zustande. Wir haften nicht f\u00fcr Sch\u00e4den, die durch die Nutzung dieses Internetangebots entstehen. Dieser Haftungsausschluss gilt nicht, soweit die Vorschriften des \u00a7 839 BGB (Haftung bei Amtspflichtverletzung) einschl\u00e4gig sind. F\u00fcr etwaige Sch\u00e4den, die beim Aufrufen oder Herunterladen von Daten durch Schadsoftware oder der Installation oder Nutzung von Software verursacht werden, wird nicht gehaftet. Falls im Einzelfall erforderlich: Der Haftungsausschluss gilt nicht f\u00fcr Informationen, die in den Anwendungsbereich der Europ\u00e4ischen Dienstleistungsrichtlinie (Richtlinie 2006\/123\/EG \u2013 DLRL) fallen. F\u00fcr diese Informationen wird die Richtigkeit und Aktualit\u00e4t gew\u00e4hrleistet.<\/p>\n\n\n\n<p><strong>Links und Verweise (Disclaimer)<\/strong><\/p>\n\n\n\n<p>Von unseren eigenen Inhalten sind Querverweise (\u201eLinks\u201c) auf die Webseiten anderer Anbieter zu unterscheiden. Durch diese Links erm\u00f6glichen wir lediglich den Zugang zur Nutzung fremder Inhalte nach \u00a7 8 Telemediengesetz. Bei der erstmaligen Verkn\u00fcpfung mit diesen Internetangeboten haben wir diese fremden Inhalte daraufhin \u00fcberpr\u00fcft, ob durch sie eine m\u00f6gliche zivilrechtliche oder strafrechtliche Verantwortlichkeit ausgel\u00f6st wird. Wir k\u00f6nnen diese fremden Inhalte aber nicht st\u00e4ndig auf Ver\u00e4nderungen \u00fcberpr\u00fcfen und daher auch keine Verantwortung daf\u00fcr \u00fcbernehmen. F\u00fcr illegale, fehlerhafte oder unvollst\u00e4ndige Inhalte und insbesondere f\u00fcr Sch\u00e4den, die aus der Nutzung oder Nichtnutzung von Informationen Dritter entstehen, haftet allein der jeweilige Anbieter der Seite.<\/p>\n","protected":false},"excerpt":{"rendered":"<p>HerausgeberGemeinde B\u00f6bing\/B\u00fccherei B\u00f6bingKirchstra\u00dfe 2282389 B\u00f6bing Telefon +49 8867 91 00 \u2013 31Telefax +49 8867 91 00 \u2013 16E-Mail: buecherei@boebing.de UStIdNr.: DE 233 260 948 Die Gemeinde B\u00f6bing ist eine K\u00f6rperschaft des \u00d6ffentlichen Rechts. Sie wird vertreten durch den Ersten B\u00fcrgermeister Peter Erhard. Rechtsaufsichtsbeh\u00f6rde ist das Landratsamt Weilheim-Schongau. Verantwortlich f\u00fcr den Inhalt Verantwortlich im Sinne der &hellip; <a href=\"https:\/\/www.buecherei-boebing.de\/index.php\/impressum\/\" class=\"more-link\"><span class=\"screen-reader-text\">Impressum<\/span> weiterlesen<\/a><\/p>\n","protected":false},"author":2,"featured_media":0,"parent":0,"menu_order":0,"comment_status":"closed","ping_status":"closed","template":"","meta":{"footnotes":""},"class_list":["post-147","page","type-page","status-publish","hentry"],"_links":{"self":[{"href":"https:\/\/www.buecherei-boebing.de\/index.php\/wp-json\/wp\/v2\/pages\/147","targetHints":{"allow":["GET"]}}],"collection":[{"href":"https:\/\/www.buecherei-boebing.de\/index.php\/wp-json\/wp\/v2\/pages"}],"about":[{"href":"https:\/\/www.buecherei-boebing.de\/index.php\/wp-json\/wp\/v2\/types\/page"}],"author":[{"embeddable":true,"href":"https:\/\/www.buecherei-boebing.de\/index.php\/wp-json\/wp\/v2\/users\/2"}],"replies":[{"embeddable":true,"href":"https:\/\/www.buecherei-boebing.de\/index.php\/wp-json\/wp\/v2\/comments?post=147"}],"version-history":[{"count":8,"href":"https:\/\/www.buecherei-boebing.de\/index.php\/wp-json\/wp\/v2\/pages\/147\/revisions"}],"predecessor-version":[{"id":423,"href":"https:\/\/www.buecherei-boebing.de\/index.php\/wp-json\/wp\/v2\/pages\/147\/revisions\/423"}],"wp:attachment":[{"href":"https:\/\/www.buecherei-boebing.de\/index.php\/wp-json\/wp\/v2\/media?parent=147"}],"curies":[{"name":"wp","href":"https:\/\/api.w.org\/{rel}","templated":true}]}}