{"id":11,"date":"2016-11-22T22:04:48","date_gmt":"2016-11-22T20:04:48","guid":{"rendered":"https:\/\/buechereiboebing.wordpress.com\/?page_id=7"},"modified":"2025-12-10T11:35:46","modified_gmt":"2025-12-10T11:35:46","slug":"blog","status":"publish","type":"page","link":"https:\/\/www.buecherei-boebing.de\/index.php\/blog\/","title":{"rendered":"Online-Katalog der B\u00fccherei B\u00f6bing"},"content":{"rendered":"<p>St\u00f6bern Sie Online in unserem Medienangebot und reservieren Sie Ihre Lieblings-Medien bei uns:<\/p>\n<p>Unter diesem Link \u00f6ffnet sich der Online-Katalog:<\/p>\n<p><a href=\"http:\/\/www.eopac.net\/BGX430338\/\" target=\"_blank\" rel=\"noopener noreferrer\">Online-Katalog:<\/a><\/p>\n\n\n<div data-wp-interactive=\"core\/file\" class=\"wp-block-file\"><object data-wp-bind--hidden=\"!state.hasPdfPreview\" hidden class=\"wp-block-file__embed\" data=\"https:\/\/www.buecherei-boebing.de\/wp-content\/uploads\/2025\/12\/Bib-Kat.pdf\" type=\"application\/pdf\" style=\"width:100%;height:600px\" aria-label=\"Einbettung von Bib Kat.\"><\/object><a id=\"wp-block-file--media-a0b4ab58-c366-408f-860a-0a1157da68ed\" href=\"https:\/\/www.buecherei-boebing.de\/wp-content\/uploads\/2025\/12\/Bib-Kat.pdf\">Bib Kat<\/a><a href=\"https:\/\/www.buecherei-boebing.de\/wp-content\/uploads\/2025\/12\/Bib-Kat.pdf\" class=\"wp-block-file__button wp-element-button\" download aria-describedby=\"wp-block-file--media-a0b4ab58-c366-408f-860a-0a1157da68ed\">Herunterladen<\/a><\/div>\n","protected":false},"excerpt":{"rendered":"<p>Dies ist nur ein kurzer Auszug deines Blogs.<\/p>\n","protected":false},"author":2,"featured_media":0,"parent":0,"menu_order":4,"comment_status":"closed","ping_status":"closed","template":"","meta":{"footnotes":""},"class_list":["post-11","page","type-page","status-publish","hentry"],"_links":{"self":[{"href":"https:\/\/www.buecherei-boebing.de\/index.php\/wp-json\/wp\/v2\/pages\/11","targetHints":{"allow":["GET"]}}],"collection":[{"href":"https:\/\/www.buecherei-boebing.de\/index.php\/wp-json\/wp\/v2\/pages"}],"about":[{"href":"https:\/\/www.buecherei-boebing.de\/index.php\/wp-json\/wp\/v2\/types\/page"}],"author":[{"embeddable":true,"href":"https:\/\/www.buecherei-boebing.de\/index.php\/wp-json\/wp\/v2\/users\/2"}],"replies":[{"embeddable":true,"href":"https:\/\/www.buecherei-boebing.de\/index.php\/wp-json\/wp\/v2\/comments?post=11"}],"version-history":[{"count":3,"href":"https:\/\/www.buecherei-boebing.de\/index.php\/wp-json\/wp\/v2\/pages\/11\/revisions"}],"predecessor-version":[{"id":451,"href":"https:\/\/www.buecherei-boebing.de\/index.php\/wp-json\/wp\/v2\/pages\/11\/revisions\/451"}],"wp:attachment":[{"href":"https:\/\/www.buecherei-boebing.de\/index.php\/wp-json\/wp\/v2\/media?parent=11"}],"curies":[{"name":"wp","href":"https:\/\/api.w.org\/{rel}","templated":true}]}}