{"id":10,"date":"2016-11-22T22:04:49","date_gmt":"2016-11-22T20:04:49","guid":{"rendered":"https:\/\/buechereiboebing.wordpress.com\/?page_id=6"},"modified":"2025-07-17T09:29:11","modified_gmt":"2025-07-17T09:29:11","slug":"startseite","status":"publish","type":"page","link":"https:\/\/www.buecherei-boebing.de\/index.php\/startseite\/","title":{"rendered":"Die B\u00fccherei in B\u00f6bing"},"content":{"rendered":"\n<p><strong>Die B\u00fccherei B\u00f6bing ist eine \u00f6ffentliche Einrichtung durch die Tr\u00e4gerschaft der Gemeinde B\u00f6bing. Unser B\u00fcchereiteam besteht ausschlie\u00dflich aus ehrenamtlichen Mitarbeiter\/innen.<\/strong><\/p>\n\n\n\n<p><strong>\u00d6ffnungszeiten au\u00dferhalb der Schulferien:<\/strong><\/p>\n\n\n\n<figure class=\"wp-block-table\"><table><tbody><tr><td>Dienstag<\/td><td>16:00 Uhr bis 17:30 Uhr<\/td><\/tr><tr><td>Mittwoch<\/td><td>09:00 Uhr bis 11:00 Uhr<\/td><\/tr><tr><td>Donnerstag<\/td><td>18:00 Uhr bis 19:30 Uhr<\/td><\/tr><\/tbody><\/table><\/figure>\n\n\n\n<p><strong>\u00d6ffnungszeiten in den Schulferien:<\/strong><\/p>\n\n\n\n<figure class=\"wp-block-table\"><table><tbody><tr><td>Donnerstag<\/td><td>18:00 Uhr bis 19:30 Uhr<\/td><\/tr><\/tbody><\/table><\/figure>\n\n\n\n<p>Bei uns finden Sie ein vielseitiges Medienangebot:<\/p>\n\n\n\n<ul class=\"wp-block-list\">\n<li>Bilderb\u00fccher, Kinder- und Jugendb\u00fccher, Romane, Krimis, Biografien<\/li>\n\n\n\n<li>B\u00fccher zu &#8222;Haus und Garten&#8220;, &#8222;Kochen und Backen&#8220;, &#8222;Gesundheit&#8220;, &#8222;Erziehung&#8220;,&#8220;Wandern&#8220;, &#8222;Freizeit&#8220;<\/li>\n\n\n\n<li>CDs, H\u00f6rb\u00fccher, DVDs<\/li>\n\n\n\n<li>Zeitschriften, TING-Medien<\/li>\n<\/ul>\n\n\n\n<p><strong>Achtung Studenten:<\/strong><\/p>\n\n\n\n<p>Auch eine Fernleihe ist \u00fcber die B\u00fccherei B\u00f6bing m\u00f6glich. Somit k\u00f6nnt Ihr Euch den Weg zur Uni-Bibliothek sparen. Bitte die gew\u00fcnschten B\u00fccher per E-mail: buecherei@boebing.de bestellen. Dies ist grunds\u00e4tzlich kostenfrei. Somit fallen nur die Portokosten und die Mitgliedschaft in der B\u00fccherei an.<\/p>\n","protected":false},"excerpt":{"rendered":"<p>Dies ist die Kurzfassung der Startseite<\/p>\n","protected":false},"author":2,"featured_media":0,"parent":0,"menu_order":1,"comment_status":"closed","ping_status":"closed","template":"","meta":{"footnotes":""},"class_list":["post-10","page","type-page","status-publish","hentry"],"_links":{"self":[{"href":"https:\/\/www.buecherei-boebing.de\/index.php\/wp-json\/wp\/v2\/pages\/10","targetHints":{"allow":["GET"]}}],"collection":[{"href":"https:\/\/www.buecherei-boebing.de\/index.php\/wp-json\/wp\/v2\/pages"}],"about":[{"href":"https:\/\/www.buecherei-boebing.de\/index.php\/wp-json\/wp\/v2\/types\/page"}],"author":[{"embeddable":true,"href":"https:\/\/www.buecherei-boebing.de\/index.php\/wp-json\/wp\/v2\/users\/2"}],"replies":[{"embeddable":true,"href":"https:\/\/www.buecherei-boebing.de\/index.php\/wp-json\/wp\/v2\/comments?post=10"}],"version-history":[{"count":4,"href":"https:\/\/www.buecherei-boebing.de\/index.php\/wp-json\/wp\/v2\/pages\/10\/revisions"}],"predecessor-version":[{"id":424,"href":"https:\/\/www.buecherei-boebing.de\/index.php\/wp-json\/wp\/v2\/pages\/10\/revisions\/424"}],"wp:attachment":[{"href":"https:\/\/www.buecherei-boebing.de\/index.php\/wp-json\/wp\/v2\/media?parent=10"}],"curies":[{"name":"wp","href":"https:\/\/api.w.org\/{rel}","templated":true}]}}